{"id":1015,"date":"2018-12-11T22:22:30","date_gmt":"2018-12-11T21:22:30","guid":{"rendered":"https:\/\/ttouch1.com\/cursos-presenciales\/"},"modified":"2018-12-11T22:41:14","modified_gmt":"2018-12-11T21:41:14","slug":"cursos-presenciales","status":"publish","type":"page","link":"https:\/\/ttouch1.com\/es\/cursos\/cursos-presenciales\/","title":{"rendered":"Cursos Presenciales"},"content":{"rendered":"<p>Asistir a un curso presencial es sin duda una manera excelente de aprender. La teor\u00eda y la pr\u00e1ctica se conjugan perfectamente. Hasta la fecha hemos impartido cursos en la Argentina, Brasil, Eslovenia, Espa\u00f1a, Finlandia, Portugal y Uruguay.<\/p>\n<p>Ofrecemos varias opciones:<\/p>\n<ul>\n<li>Taller de un d\u00eda \u201cIntroducci\u00f3n a TTouch\u201d<\/li>\n<li>Cursos de dos d\u00edas para desarrollar las t\u00e9cnicas TTouch<\/li>\n<li>Taller de un d\u00eda o medio d\u00eda sobre temas espec\u00edficos p.ej. hipersensibilidad a los ruidos, tormentas, etc.<\/li>\n<\/ul>\n<p>\u00a1Espero conocer a viejos amigos y hacer nuevos!<\/p>\n","protected":false},"excerpt":{"rendered":"<p>Asistir a un curso presencial es sin duda una manera excelente de aprender. La teor\u00eda y la pr\u00e1ctica se conjugan perfectamente. Hasta la fecha hemos impartido cursos en la Argentina, Brasil, Eslovenia, Espa\u00f1a, Finlandia, Portugal y Uruguay. Ofrecemos varias opciones: Taller de un d\u00eda \u201cIntroducci\u00f3n a TTouch\u201d Cursos de dos d\u00edas para desarrollar las t\u00e9cnicas  [&#8230;]<\/p>\n","protected":false},"author":1,"featured_media":0,"parent":143,"menu_order":10,"comment_status":"closed","ping_status":"closed","template":"","meta":{"footnotes":""},"class_list":["post-1015","page","type-page","status-publish","hentry"],"_links":{"self":[{"href":"https:\/\/ttouch1.com\/es\/wp-json\/wp\/v2\/pages\/1015","targetHints":{"allow":["GET"]}}],"collection":[{"href":"https:\/\/ttouch1.com\/es\/wp-json\/wp\/v2\/pages"}],"about":[{"href":"https:\/\/ttouch1.com\/es\/wp-json\/wp\/v2\/types\/page"}],"author":[{"embeddable":true,"href":"https:\/\/ttouch1.com\/es\/wp-json\/wp\/v2\/users\/1"}],"replies":[{"embeddable":true,"href":"https:\/\/ttouch1.com\/es\/wp-json\/wp\/v2\/comments?post=1015"}],"version-history":[{"count":1,"href":"https:\/\/ttouch1.com\/es\/wp-json\/wp\/v2\/pages\/1015\/revisions"}],"predecessor-version":[{"id":1021,"href":"https:\/\/ttouch1.com\/es\/wp-json\/wp\/v2\/pages\/1015\/revisions\/1021"}],"up":[{"embeddable":true,"href":"https:\/\/ttouch1.com\/es\/wp-json\/wp\/v2\/pages\/143"}],"wp:attachment":[{"href":"https:\/\/ttouch1.com\/es\/wp-json\/wp\/v2\/media?parent=1015"}],"curies":[{"name":"wp","href":"https:\/\/api.w.org\/{rel}","templated":true}]}}