{"id":1016,"date":"2018-12-11T22:25:42","date_gmt":"2018-12-11T21:25:42","guid":{"rendered":"https:\/\/ttouch1.com\/webinars\/"},"modified":"2021-07-16T12:54:35","modified_gmt":"2021-07-16T10:54:35","slug":"webinars","status":"publish","type":"page","link":"https:\/\/ttouch1.com\/es\/cursos\/webinars\/","title":{"rendered":"Webinarios"},"content":{"rendered":"<p>Los webinarios nacieron como respuesta directa para satisfacer las inquietudes y problemas de los estudiantes. Las circunstancias particulares de cada uno son diferentes y a veces nos encontramos con situaciones que parecen desbordarnos. A medida que los estudiantes mandaban la lista de temas que les interesaban, p.ej. ansiedad, reactividad, vivir en casa con m\u00faltiples animales etc., parec\u00eda claro que los webinars ofrec\u00edan la plataforma ideal.<\/p>\n<p>Aunque no se pueda asistir al webinar en directo, la grabaci\u00f3n estar\u00e1 disponible y se puede acceder a \u00e9l en cualquier momento. Durante los webinarios, y a veces despu\u00e9s, a los asistentes se les ocurren preguntas m\u00e1s espec\u00edficas. Intentamos responder a ellas bien en un webinar posterior o por escrito.<\/p>\n<h1 style=\"text-align: center;\"><span style=\"color: #800080;\"><strong>Webinarios Disponible<\/strong>s <\/span><\/h1>\n<h3 style=\"text-align: center;\"><span style=\"color: #800080;\">(Pulsar para acceder<strong>)<br \/>\n<\/strong><\/span><\/h3>\n<h3><span style=\"color: #0000ff;\">TTouch 10 minutos al d\u00eda<\/span><\/h3>\n<p>\u00c9sta es una serie de sesiones de TTouch que se pueden hacer con cualquier especie de animal: caballos, perros, gatos etc. Cada sesi\u00f3n dura 10 minutos y habr\u00e1 una para cada d\u00eda de la semana. Lamentablemente eest\u00e1n disponibles solamente en ingl\u00e9s pero creo que, a\u00fan as\u00ed, pueden ser de utilidad. Pinchar para acceder.<\/p>\n<h4><a href=\"https:\/\/ttouch.ca\/2020\/03\/10\/10-minutes-to-trust-part-1\/?fbclid=IwAR1nqZRwasVz8AR5ckUqEPTDHyt4bsYyBR4ureUovm5EvzutMvpoF0JkaN0\">D\u00edas 1 y 2<\/a><\/h4>\n<h3><a href=\"https:\/\/www.youtube.com\/watch?v=R1PDkQj6Wi0&amp;t=4s\">Miedo, frustraci\u00f3n, soledad y tristeza en tiempos de confinamiento<\/a><\/h3>\n<p><a href=\"https:\/\/youtu.be\/R1PDkQj6Wi0\"><img decoding=\"async\" class=\"alignleft\" src=\"https:\/\/ttouch1.com\/wp-content\/uploads\/Screen-Shot-2020-04-23-at-15.14.29.png\" width=\"278\" height=\"211\" \/><\/a>Este webinar es un poco excepcional en el sentido de que no se refiere espec\u00edficamente a problemas relacionados con los animales, sino m\u00e1s bien a las consecuencias que estamos sufriendo las personas por el prolongado per\u00edodo de confinamiento obligatorio. Es una situaci\u00f3n an\u00f3mala, y cada persona la est\u00e1 viviendo de manera distinta, pero espero que las t\u00e9cnicas propuestas pueden contribuir a alcanzar un mayor nivel de tranquilidad y serenidad mientra dure la \u00ablocura\u00bb colectiva.<\/p>\n<p>&nbsp;<\/p>\n<p>&nbsp;<\/p>\n<h2><a href=\"https:\/\/www.youtube.com\/watch?v=f6zvU3cLeXw\">La reactividad: un enfoque integrador<\/a><\/h2>\n<div id=\"attachment_1087\" style=\"width: 310px\" class=\"wp-caption alignleft\"><a href=\"http:\/\/www.animalinharmony.com\/la-reactividad\"><img decoding=\"async\" aria-describedby=\"caption-attachment-1087\" class=\"size-medium wp-image-1087\" src=\"https:\/\/ttouch1.com\/wp-content\/uploads\/\/Reactivity-1-300x204.jpg\" alt=\"\" width=\"300\" height=\"204\" srcset=\"https:\/\/ttouch1.com\/wp-content\/uploads\/Reactivity-1-200x136.jpg 200w, https:\/\/ttouch1.com\/wp-content\/uploads\/Reactivity-1-300x204.jpg 300w, https:\/\/ttouch1.com\/wp-content\/uploads\/Reactivity-1-400x272.jpg 400w, https:\/\/ttouch1.com\/wp-content\/uploads\/Reactivity-1.jpg 429w\" sizes=\"(max-width: 300px) 100vw, 300px\" \/><\/a><p id=\"caption-attachment-1087\" class=\"wp-caption-text\">Hacia la calma &#8230;<\/p><\/div>\n<p>En este webinar abordaremos el tema de la reactividad en sus m\u00faltiples facetas, y examinaremos las diferentes maneras en que se puede manifestar en el comportamiento de los perros.\u00a0 Luego estudiaremos los recursos que nos ofrecen tanto Tellington TTouch como la zoofarmacognosis (adem\u00e1s de otras terapias) para facilitar una transici\u00f3n hacia la tranquilidad que permita a los animales descubrir otras respuestas m\u00e1s aceptables cuando se encuentran en situaciones dif\u00edciles.<\/p>\n<p>&nbsp;<\/p>\n","protected":false},"excerpt":{"rendered":"<p>Los webinarios nacieron como respuesta directa para satisfacer las inquietudes y problemas de los estudiantes. Las circunstancias particulares de cada uno son diferentes y a veces nos encontramos con situaciones que parecen desbordarnos. A medida que los estudiantes mandaban la lista de temas que les interesaban, p.ej. ansiedad, reactividad, vivir en casa con m\u00faltiples animales  [&#8230;]<\/p>\n","protected":false},"author":1,"featured_media":0,"parent":143,"menu_order":7,"comment_status":"closed","ping_status":"closed","template":"","meta":{"footnotes":""},"class_list":["post-1016","page","type-page","status-publish","hentry"],"_links":{"self":[{"href":"https:\/\/ttouch1.com\/es\/wp-json\/wp\/v2\/pages\/1016","targetHints":{"allow":["GET"]}}],"collection":[{"href":"https:\/\/ttouch1.com\/es\/wp-json\/wp\/v2\/pages"}],"about":[{"href":"https:\/\/ttouch1.com\/es\/wp-json\/wp\/v2\/types\/page"}],"author":[{"embeddable":true,"href":"https:\/\/ttouch1.com\/es\/wp-json\/wp\/v2\/users\/1"}],"replies":[{"embeddable":true,"href":"https:\/\/ttouch1.com\/es\/wp-json\/wp\/v2\/comments?post=1016"}],"version-history":[{"count":14,"href":"https:\/\/ttouch1.com\/es\/wp-json\/wp\/v2\/pages\/1016\/revisions"}],"predecessor-version":[{"id":2406,"href":"https:\/\/ttouch1.com\/es\/wp-json\/wp\/v2\/pages\/1016\/revisions\/2406"}],"up":[{"embeddable":true,"href":"https:\/\/ttouch1.com\/es\/wp-json\/wp\/v2\/pages\/143"}],"wp:attachment":[{"href":"https:\/\/ttouch1.com\/es\/wp-json\/wp\/v2\/media?parent=1016"}],"curies":[{"name":"wp","href":"https:\/\/api.w.org\/{rel}","templated":true}]}}