{"id":1017,"date":"2018-12-11T22:26:14","date_gmt":"2018-12-11T21:26:14","guid":{"rendered":"https:\/\/ttouch1.com\/cursos-online\/"},"modified":"2019-01-27T12:21:50","modified_gmt":"2019-01-27T11:21:50","slug":"cursos-online","status":"publish","type":"page","link":"https:\/\/ttouch1.com\/es\/cursos\/cursos-online\/","title":{"rendered":"Cursos Online"},"content":{"rendered":"<p>A veces no es posible asistir a un curso presencial, bien por la distancia o debido a las circunstancias personales en cada momento. Afortunadamente la tecnolog\u00eda moderna nos permite superar ese escollo. Nuestros cursos online est\u00e1n dise\u00f1ados para que las personas puedan adquirir nuevos conocimientos y ampliar sus competencias desde la comodidad de su casa.<\/p>\n<p>Cada estudiante puede trabajar a su propio ritmo y comprobar que los nuevos conocimientos han sido asimilados mediante los peque\u00f1os tests. Al completar el curso se recibir\u00e1 un certificado o diploma seg\u00fan las circunstancias.<\/p>\n<p>Se ofrece un apoyo personalizado en caso de necesidad, y al completar el curso los estudiantes pueden entrar en nuestra comunidad online donde se puede aclarar dudas y compartir experiencias. Saber que no estamos solos puede ayudar a fomentar nuestra autoconfianza para poner en pr\u00e1ctica los conocimientos reci\u00e9n adquiridos.<\/p>\n<p>Creo firmemente que para muchas personas \u00e9ste es el camino del futuro. Espero que disfruten de esta experiencia.<\/p>\n<p>Introducci\u00f3n a los vendajes TTouch<\/p>\n<div id=\"attachment_1073\" style=\"width: 235px\" class=\"wp-caption alignnone\"><img decoding=\"async\" aria-describedby=\"caption-attachment-1073\" class=\"size-medium wp-image-1073\" src=\"https:\/\/ttouch1.com\/wp-content\/uploads\/\/Audrey-wrap-225x300.jpg\" alt=\"\" width=\"225\" height=\"300\" srcset=\"https:\/\/ttouch1.com\/wp-content\/uploads\/Audrey-wrap-200x267.jpg 200w, https:\/\/ttouch1.com\/wp-content\/uploads\/Audrey-wrap-225x300.jpg 225w, https:\/\/ttouch1.com\/wp-content\/uploads\/Audrey-wrap-400x533.jpg 400w, https:\/\/ttouch1.com\/wp-content\/uploads\/Audrey-wrap-600x800.jpg 600w, https:\/\/ttouch1.com\/wp-content\/uploads\/Audrey-wrap-768x1024.jpg 768w, https:\/\/ttouch1.com\/wp-content\/uploads\/Audrey-wrap-800x1067.jpg 800w, https:\/\/ttouch1.com\/wp-content\/uploads\/Audrey-wrap.jpg 960w\" sizes=\"(max-width: 225px) 100vw, 225px\" \/><p id=\"caption-attachment-1073\" class=\"wp-caption-text\">Audrey lleva un sencillo vendaje TTouch<\/p><\/div>\n<p><a href=\"https:\/\/www.agoracanina.com\/producto\/masterclass-into-vendaje-ttouch\/\">https:\/\/www.agoracanina.com\/producto\/masterclass-into-vendaje-ttouch\/<\/a><\/p>\n","protected":false},"excerpt":{"rendered":"<p>A veces no es posible asistir a un curso presencial, bien por la distancia o debido a las circunstancias personales en cada momento. Afortunadamente la tecnolog\u00eda moderna nos permite superar ese escollo. Nuestros cursos online est\u00e1n dise\u00f1ados para que las personas puedan adquirir nuevos conocimientos y ampliar sus competencias desde la comodidad de su casa.  [&#8230;]<\/p>\n","protected":false},"author":1,"featured_media":0,"parent":143,"menu_order":7,"comment_status":"closed","ping_status":"closed","template":"","meta":{"footnotes":""},"class_list":["post-1017","page","type-page","status-publish","hentry"],"_links":{"self":[{"href":"https:\/\/ttouch1.com\/es\/wp-json\/wp\/v2\/pages\/1017","targetHints":{"allow":["GET"]}}],"collection":[{"href":"https:\/\/ttouch1.com\/es\/wp-json\/wp\/v2\/pages"}],"about":[{"href":"https:\/\/ttouch1.com\/es\/wp-json\/wp\/v2\/types\/page"}],"author":[{"embeddable":true,"href":"https:\/\/ttouch1.com\/es\/wp-json\/wp\/v2\/users\/1"}],"replies":[{"embeddable":true,"href":"https:\/\/ttouch1.com\/es\/wp-json\/wp\/v2\/comments?post=1017"}],"version-history":[{"count":2,"href":"https:\/\/ttouch1.com\/es\/wp-json\/wp\/v2\/pages\/1017\/revisions"}],"predecessor-version":[{"id":1075,"href":"https:\/\/ttouch1.com\/es\/wp-json\/wp\/v2\/pages\/1017\/revisions\/1075"}],"up":[{"embeddable":true,"href":"https:\/\/ttouch1.com\/es\/wp-json\/wp\/v2\/pages\/143"}],"wp:attachment":[{"href":"https:\/\/ttouch1.com\/es\/wp-json\/wp\/v2\/media?parent=1017"}],"curies":[{"name":"wp","href":"https:\/\/api.w.org\/{rel}","templated":true}]}}