{"id":163,"date":"2016-11-14T12:43:03","date_gmt":"2016-11-14T11:43:03","guid":{"rendered":"http:\/\/ttouch1.com\/es\/?page_id=163"},"modified":"2016-11-14T12:43:03","modified_gmt":"2016-11-14T11:43:03","slug":"por-que-es-diferente-ttouch","status":"publish","type":"page","link":"https:\/\/ttouch1.com\/es\/por-que-es-diferente-ttouch\/","title":{"rendered":"\u00bfPor qu\u00e9 es diferente TTouch?"},"content":{"rendered":"<div style=\"text-align: center;\"><em>\u201cPero si acaricio mi perro\/gato\/caballo \u00bfno se tranquilizar\u00e1 igual?\u201d<\/em><\/div>\n<p>Hay muchas t\u00e9cnicas de masaje a menudo bastante similares entre si. Ciertamente es una maravilla que hoy d\u00eda tantas personas reconozcan que las terapias corporales pueden beneficiar a los animales ayud\u00e1ndoles a tranquilizarse y eliminar tensi\u00f3n. El tacto es una herramienta valios\u00edsima para trabajar tanto con los perros como los gatos, caballos y, de hecho, cualquier animal.<\/p>\n<p>Tellington TTouch empez\u00f3 como una t\u00e9cnica para entrenar caballos, y ya hace unos 30 a\u00f1os Linda reconoci\u00f3 el v\u00ednculo entre la postura, el comportamiento y el rendimiento. A medida que trabajaba con los ligeros movimientos de la piel (esto es lo que distingue TTouch de la mayor\u00eda de las t\u00e9cnicas de masaje porque no se trabaja \u00fanicamente con la musculatura), se dio cuenta de que los caballos \u201cdif\u00edciles\u201d no s\u00f3lo alcanzaban un rendimiento coherente sino que, adem\u00e1s, se volv\u00edan m\u00e1s manejables en la vida cotidiana. Los comportamientos indeseados, tales como el morder, dormitar, corcovear y desbocarse, disminu\u00edan sin necesidad de ir eliminando los comportamientos de uno en uno mediante t\u00e9cnicas de adiestramiento espec\u00edficos. Cuando estas mismas t\u00e9cnicas fueron aplicadas a otros animales, incluidos los perros, se pudieron observar los mismos resultados a nivel cl\u00ednico aunque no se hicieron comprobaciones cient\u00edficas.<\/p>\n<p>Al mejorar la coordinaci\u00f3n y el porte, los ejercicios fisicos constituyen una forma excelente de empezar a trabajar con animales reacios al tacto. Los ejercicios tambi\u00e9n ayudan a los animales a tranquilizarse m\u00e1s r\u00e1pidamente. Adem\u00e1s, mejoran la concentraci\u00f3n y le proporcionan al perro un est\u00edmulo f\u00edsico y mental sin aumentar la hiperactividad y la excitaci\u00f3n.<\/p>\n<p>Sin embargo, TTouch no se limita a la terapia corporal y los ejercicios f\u00edsicos. Es una manera de examinar el animal en su totalidad, teniendo en cuenta el medio en que vive, la dieta etc. La realidad es que incluso cuando estos factores no se pueden cambiar, p.ej. en los refugios, los efectos de este enfoque siguen siendo extraordinarios.<\/p>\n<p>Uno de los objetivos es mejorar la coordinaci\u00f3n, lo cual a su vez mejora el equilibrio f\u00edsico que influye sobre el equilibrio mental y emocional. Muchas personas que trabajan en el campo humano comprenden estas correlaciones, y en base a mi propia experiencia puedo afirmar que son igualmente aplicables al mundo animal. Posiblemente lo m\u00e1s importante sea que los propietarios se pueden dar cuenta de que ellos influyen sobre sus animales. Si una persona est\u00e1 desequilibrada cuando pasea con su perro, es m\u00e1s probable que la persona instigue al perro a tirar de la correa. Hay que tener en cuenta que \u201cdos no bailan si uno no quiere\u201d. Nuestro enfoque y la manera en que manejamos e interactuamos con el animal tienen una influencia directa sobre su comportamiento y capacidad de aprendizaje.<\/p>\n<p>Lo realmente bonito de TTouch es que le da a la gente nuevos par\u00e1metros para comprender sus perros. Nos hace m\u00e1s conscientes de lo que le puede suceder al animal al observar su postura y darnos cuenta de que la postura afecta el comportamiento, sus reacciones ante los est\u00edmulos, sus temores y preocupaciones. Nos permite quitar muchas etiquetas que se aplican a los perros tan a la ligera y a menudo sin fundamento, y nos proporciona una serie de herramientas, tales como los arneses, los vendajes y las diferentes maneras de conducir el perro, para ayudarlo a aprender de una manera tranquila y enfocada. Cuando se hicieron los masajes de oreja a caballos que llevaban aparatos para controlar la tensi\u00f3n arterial se pudo comprobar de manera inconfundible que con los masajes de oreja se reduc\u00edael ritmo card\u00edaco y la velocidad respiratoria, lo cual contribuye a reducir el estr\u00e9s, lo cual a su vez le permite al caballo abandonar el reflejo de Luchar\/Huir. Por este motivo los masajes de oreja son tan valiosos para los animales que entran en estado de shock. Cuando un animal est\u00e1 preso del reflejo de Luchar\/Huir es incapaz de aprender. Lo mismo nos ocurre a nosotros.<\/p>\n<p>Tengo una amplia gama de clientes caninos y doy talleres en refugios, centros de adiestramiento canino y para animales de trabajo. A las personas que trabajan en los refugios y centros les encanta aprender t\u00e9cnicas espec\u00edficas que les permiten proporcionar al perro cierta coherencia en su vida. Muchos veterinarios, enfermeras veterinarias, fisioterapeutas, trabajadores de refugio, adiestradores, consultores de comportamiento canino y propietarios de mascotas gozan del beneficio que TTouch proporciona a los animales que les son confiados.<\/p>\n<p><em>Art\u00edculo escrito por Sarah Fisher, Instructora TTouch<\/em><br \/>\n<em> Traducci\u00f3n: Mary J. Rodr\u00edguez M.A.(Hons), Cert. Ed.<\/em><\/p>\n","protected":false},"excerpt":{"rendered":"<p>\u201cPero si acaricio mi perro\/gato\/caballo \u00bfno se tranquilizar\u00e1 igual?\u201d Hay muchas t\u00e9cnicas de masaje a menudo bastante similares entre si. Ciertamente es una maravilla que hoy d\u00eda tantas personas reconozcan que las terapias corporales pueden beneficiar a los animales ayud\u00e1ndoles a tranquilizarse y eliminar tensi\u00f3n. El tacto es una herramienta valios\u00edsima para trabajar tanto con  [&#8230;]<\/p>\n","protected":false},"author":2,"featured_media":0,"parent":0,"menu_order":21,"comment_status":"closed","ping_status":"closed","template":"","meta":{"footnotes":""},"class_list":["post-163","page","type-page","status-publish","hentry"],"_links":{"self":[{"href":"https:\/\/ttouch1.com\/es\/wp-json\/wp\/v2\/pages\/163","targetHints":{"allow":["GET"]}}],"collection":[{"href":"https:\/\/ttouch1.com\/es\/wp-json\/wp\/v2\/pages"}],"about":[{"href":"https:\/\/ttouch1.com\/es\/wp-json\/wp\/v2\/types\/page"}],"author":[{"embeddable":true,"href":"https:\/\/ttouch1.com\/es\/wp-json\/wp\/v2\/users\/2"}],"replies":[{"embeddable":true,"href":"https:\/\/ttouch1.com\/es\/wp-json\/wp\/v2\/comments?post=163"}],"version-history":[{"count":1,"href":"https:\/\/ttouch1.com\/es\/wp-json\/wp\/v2\/pages\/163\/revisions"}],"predecessor-version":[{"id":164,"href":"https:\/\/ttouch1.com\/es\/wp-json\/wp\/v2\/pages\/163\/revisions\/164"}],"wp:attachment":[{"href":"https:\/\/ttouch1.com\/es\/wp-json\/wp\/v2\/media?parent=163"}],"curies":[{"name":"wp","href":"https:\/\/api.w.org\/{rel}","templated":true}]}}