{"id":168,"date":"2016-11-14T12:56:22","date_gmt":"2016-11-14T11:56:22","guid":{"rendered":"http:\/\/ttouch1.com\/es\/?page_id=168"},"modified":"2016-11-14T12:56:22","modified_gmt":"2016-11-14T11:56:22","slug":"escuchar-los-susurros-y-luego-hacerles-caso","status":"publish","type":"page","link":"https:\/\/ttouch1.com\/es\/escuchar-los-susurros-y-luego-hacerles-caso\/","title":{"rendered":"Escuchar los susurros &#8230; y luego hacerles caso"},"content":{"rendered":"<p>En los seminarios de TTouch ponemos \u00e9nfasis en el concepto de Edie Jane Eaton de escuchar los susurros para que nuestros animales no tengan que gritar porque no les hacemos caso.\u00a0 Recientemente he tenido la oportunidad de comprobar lo importante que es prestar atenci\u00f3n a estos peque\u00f1os indicios.<\/p>\n<p>Tengo la costumbre de hacer peque\u00f1os c\u00edrculos a cada lado de la columna antes de empezar a peinar a Sasha y, al hacerlo, hab\u00eda notado que se sentaba cuando llegaba a la zona lumbar. Luego me di cuenta que cuando pasaba el peine sobre esa zona la piel se estremec\u00eda. Tambi\u00e9n ve\u00eda que la piel estaba seca y escamosa y Sasha se rascaba mucho cuando no hab\u00eda ning\u00fan motivo externo para ello.<\/p>\n<p>La exploraci\u00f3n manual TTouch tambi\u00e9n me daba se\u00f1ales. Notaba que hab\u00eda puntos de gran calor sobre la zona lumbar y las caderas y, al hacer los c\u00edrculos con las patas, al llegar a cierto punto, la pata se encog\u00eda y luego tiraba hacia atr\u00e1s. El otro susurro que me llegaba era que Sasha estaba cargando m\u00e1s la pata delantera izquierda.<\/p>\n<p>Pueden parecer cosas insignificantes pero, como ten\u00eda la oportunidad de consultar con una veterinaria hol\u00edstica que practica la acupuntura, aprovech\u00e9 la ocasi\u00f3n.<\/p>\n<p>La primera consulta revel\u00f3 que exist\u00eda desequilibrio de los meridianos de coraz\u00f3n e h\u00edgado: el coraz\u00f3n necesitaba fortalecerse y el h\u00edgado necesitaba atenuarse. Hab\u00eda exceso de calor y \u201cviento\u201d internos que a su vez produc\u00edan una sequedad interna que daba lugar a la piel seca y escamosa y, talvez m\u00e1s importante, secaba el col\u00e1geno de las articulaciones que produc\u00eda malestar en las caderas. Pudimos ver que la cadera derecha estaba m\u00e1s afectada, de ah\u00ed el hecho de que cargaba m\u00e1s sobre la pata delantera izquierda, la diagonalmente opuesta.\u00a0 Estos desequilibrios tambi\u00e9n ejerc\u00edan efecto sobre el estado emocional dando lugar a excitaci\u00f3n excesiva.<\/p>\n<p>El primer d\u00eda se insertaron las agujas para fortalecer el coraz\u00f3n y se inici\u00f3 una dieta de \u201cenfriamiento\u201d.\u00a0 Sasha com\u00eda muy poca comida seca, pero incluso ese poquito hubo que eliminarlo porque las comidas secas secan el organismo, y se especificaron los alimentos indicados para enfriar el cuerpo.<\/p>\n<p>Para ayudar el proceso empec\u00e9 a hacer levantamientos muy suaves de cadera utilizando una venda e incorporando un leve balanceo. Con el paso de los d\u00edas not\u00e9 que el radio de movimiento de las articulaciones era mayor y que era menos pronunciado el \u201ctic\u201d al hacer los circulos con las piernas.<\/p>\n<p>A diario dediqu\u00e9 un tiempo para trabajar las orejas ya que, como sabemos, el cuerpo entero est\u00e1 reflejado en ellas.\u00a0 Pon\u00eda mayor \u00e9nfasis en la zona que corresponde al h\u00edgado.<\/p>\n<p>En la segunda sesi\u00f3n se volvi\u00f3 a tratar el meridiano del coraz\u00f3n, pero ya se notaba una mayor tranquilidad emocional y una peque\u00f1a mejor\u00eda en las caderas. El picor tambi\u00e9n se hab\u00eda reducido, pero segu\u00eda lami\u00e9ndose sobre todo en la zona genital donde pasa el meridiano del h\u00edgado. En todo caso dorm\u00eda mejor por la noche.<\/p>\n<p>En la tercera sesi\u00f3n se pudo comprobar que el meridiano del coraz\u00f3n ya estaba equilibrado por lo que se pudo pasar a tratar el binomio h\u00edgado\/bazo:\u00a0 al estar el h\u00edgado demasiado fuerte, el bazo estaba m\u00e1s d\u00e9bil. La mejor\u00eda de las caderas era notable por lo que la veterinaria decidi\u00f3 que no ser\u00eda necesario hacerle una radiograf\u00eda.<\/p>\n<p>Una de las cosas que recomend\u00f3 fue hervir\u00a0 patas de pollo para extraer el col\u00e1geno que le deber\u00eda dar luego a Sasha.\u00a0 Sin embargo, en este mundo de \u201cembalajes\u201d en que vivimos, no fue nada f\u00e1cil conseguir patas de pollo porque ya los pollos llegan a las tiendas sin patas. Lo que parec\u00eda un ingrediente sencillo \u00a1result\u00f3 ser casi inalcanzable!<\/p>\n<p>La lecci\u00f3n importante que he sacado de esta experiencia es que efectivamente los susurros nos transmiten una informaci\u00f3n muy valiosa y certera sobre el estado f\u00edsico y emocional de los animales y que no debemos pasarlos por alto.\u00a0 Cierto que un veterinario \u201ccl\u00e1sico\u201d podr\u00eda no otorgarles demasiada importancia a estos indicios o simplemente recetar antibi\u00f3ticos, corticoesteroides o cualquier otro f\u00e1rmaco, lo cual encubre los s\u00edntomas pero sin llegar al fondo.\u00a0 Sin embargo, si podemos contar con la ayuda de un veterinario que incorpora en su praxis otros m\u00e9todos como la medicina tradicional china o la homeopat\u00eda, tenemos una gran oportunidad de resolver situaciones incipientes antes de que lleguen a convertirse en problemas m\u00e1s serios.<\/p>\n<p>Mary Rodr\u00edguez<\/p>\n","protected":false},"excerpt":{"rendered":"<p>En los seminarios de TTouch ponemos \u00e9nfasis en el concepto de Edie Jane Eaton de escuchar los susurros para que nuestros animales no tengan que gritar porque no les hacemos caso.\u00a0 Recientemente he tenido la oportunidad de comprobar lo importante que es prestar atenci\u00f3n a estos peque\u00f1os indicios. Tengo la costumbre de hacer peque\u00f1os c\u00edrculos  [&#8230;]<\/p>\n","protected":false},"author":2,"featured_media":0,"parent":0,"menu_order":20,"comment_status":"closed","ping_status":"closed","template":"","meta":{"footnotes":""},"class_list":["post-168","page","type-page","status-publish","hentry"],"_links":{"self":[{"href":"https:\/\/ttouch1.com\/es\/wp-json\/wp\/v2\/pages\/168","targetHints":{"allow":["GET"]}}],"collection":[{"href":"https:\/\/ttouch1.com\/es\/wp-json\/wp\/v2\/pages"}],"about":[{"href":"https:\/\/ttouch1.com\/es\/wp-json\/wp\/v2\/types\/page"}],"author":[{"embeddable":true,"href":"https:\/\/ttouch1.com\/es\/wp-json\/wp\/v2\/users\/2"}],"replies":[{"embeddable":true,"href":"https:\/\/ttouch1.com\/es\/wp-json\/wp\/v2\/comments?post=168"}],"version-history":[{"count":1,"href":"https:\/\/ttouch1.com\/es\/wp-json\/wp\/v2\/pages\/168\/revisions"}],"predecessor-version":[{"id":169,"href":"https:\/\/ttouch1.com\/es\/wp-json\/wp\/v2\/pages\/168\/revisions\/169"}],"wp:attachment":[{"href":"https:\/\/ttouch1.com\/es\/wp-json\/wp\/v2\/media?parent=168"}],"curies":[{"name":"wp","href":"https:\/\/api.w.org\/{rel}","templated":true}]}}