{"id":173,"date":"2016-11-14T16:18:33","date_gmt":"2016-11-14T15:18:33","guid":{"rendered":"http:\/\/ttouch1.com\/es\/?page_id=173"},"modified":"2021-07-13T14:36:35","modified_gmt":"2021-07-13T12:36:35","slug":"la-importancia-de-la-pausa-en-tellington-ttouc","status":"publish","type":"page","link":"https:\/\/ttouch1.com\/es\/la-importancia-de-la-pausa-en-tellington-ttouc\/","title":{"rendered":"La Importancia de la Pausa en Tellington TTouch"},"content":{"rendered":"<p>La siguiente cita del libro \u201cEn busca de la memoria\u201d nos resalta la importancia de la pausa en todo el trabajo de Tellington TTouch. La clave reside en los per\u00edodos necesarios para que una memoria pase de la memoria de corto plazo a la memoria de largo plazo. El autor es\u00a0 Eric Kandel, premio Nobel de medicina y nos relata un experimento realizado por los ps\u00edc\u00f3logos alemanes Georg M\u00fcller y Alfons Pilzecker en 1900.<\/p>\n<p><em>\u201cUsando las t\u00e9cnicas de Ebbinghaus, solicitaron a un grupo de voluntarios que aprendieran una lista de palabras sin sentido a fin de recordarlas 24 horas despu\u00e9s, cosa que los sujetos no tuvieron dificultad en hacer. Luego solicitaron a un segundo grupo de voluntarios que aprendieran la misma lista con el mismo n\u00famero de repeticiones, pero adem\u00e1s les proporcionaron otra lista de palabras que deber\u00edan aprender inmediatamente despu\u00e9s de haber aprendido la primera. Veinticuatro horas m\u00e1s tarde los voluntarios de ese segundo grupo\u00a0 no pudieron recordar la primera lista. Por el contrario, un tercer grupo de voluntarios a quienes se se les hizo aprender la segunda lista dos horas despu\u00e9s de haber aprendida la primera no tuvieron dificultad para recordar la primera 24 horas despu\u00e9s. Estos resultados indicaban que en la hora posterior al aprendizaje, cuando la primera lista estaba a\u00fan en la memoria de corto plazo y, tal vez, en las etapas iniciales de la de largo plazo, la memoria era todav\u00eda l\u00e1bil. \u2026 Transcurridas dos horas o m\u00e1s y consolidado el recuerdo, \u00e9ste adquiere estabilidad por alg\u00fan tiempo y no se esfuma tan f\u00e1cilmente.<\/em>\u201d<\/p>\n<p>Se hizo otro experimento en un colegio donde un grupo de ni\u00f1os fue de una clase a otra sin descanso intermedio mientras que otro grupo tuvo una breve pausa entre una asignatura y otra. Al final del d\u00eda se pudo comprobar que el segundo grupo hab\u00eda retenido la informaci\u00f3n impartida mientras que los resultados del primer grupo que no hab\u00eda podido\u00a0 descansar fueron mucho peores.<\/p>\n<p>Esta informaci\u00f3n es importante no s\u00f3lo para el trabajo de TTouch sino tambi\u00e9n para el adiestramiento, agility etc. ya que la pausa les da tiempo a procesar la informaci\u00f3n o la experiencia.<\/p>\n","protected":false},"excerpt":{"rendered":"<p>La siguiente cita del libro \u201cEn busca de la memoria\u201d nos resalta la importancia de la pausa en todo el trabajo de Tellington TTouch. La clave reside en los per\u00edodos necesarios para que una memoria pase de la memoria de corto plazo a la memoria de largo plazo. El autor es\u00a0 Eric Kandel, premio Nobel  [&#8230;]<\/p>\n","protected":false},"author":2,"featured_media":0,"parent":0,"menu_order":0,"comment_status":"closed","ping_status":"closed","template":"","meta":{"footnotes":""},"class_list":["post-173","page","type-page","status-publish","hentry"],"_links":{"self":[{"href":"https:\/\/ttouch1.com\/es\/wp-json\/wp\/v2\/pages\/173","targetHints":{"allow":["GET"]}}],"collection":[{"href":"https:\/\/ttouch1.com\/es\/wp-json\/wp\/v2\/pages"}],"about":[{"href":"https:\/\/ttouch1.com\/es\/wp-json\/wp\/v2\/types\/page"}],"author":[{"embeddable":true,"href":"https:\/\/ttouch1.com\/es\/wp-json\/wp\/v2\/users\/2"}],"replies":[{"embeddable":true,"href":"https:\/\/ttouch1.com\/es\/wp-json\/wp\/v2\/comments?post=173"}],"version-history":[{"count":5,"href":"https:\/\/ttouch1.com\/es\/wp-json\/wp\/v2\/pages\/173\/revisions"}],"predecessor-version":[{"id":2389,"href":"https:\/\/ttouch1.com\/es\/wp-json\/wp\/v2\/pages\/173\/revisions\/2389"}],"wp:attachment":[{"href":"https:\/\/ttouch1.com\/es\/wp-json\/wp\/v2\/media?parent=173"}],"curies":[{"name":"wp","href":"https:\/\/api.w.org\/{rel}","templated":true}]}}