{"id":178,"date":"2016-11-14T16:22:55","date_gmt":"2016-11-14T15:22:55","guid":{"rendered":"http:\/\/ttouch1.com\/es\/?page_id=178"},"modified":"2021-07-12T11:55:49","modified_gmt":"2021-07-12T09:55:49","slug":"oxitocina-ttouch-zoofarmacognosis-y-la-ansiedad-por-separacion","status":"publish","type":"page","link":"https:\/\/ttouch1.com\/es\/oxitocina-ttouch-zoofarmacognosis-y-la-ansiedad-por-separacion\/","title":{"rendered":"Oxitocina, TTouch, Zoofarmacognosis y la Ansiedad por Separaci\u00f3n"},"content":{"rendered":"<p><strong>La oxitocina <\/strong>es una hormona que act\u00faa principalmente como un neuromodulador en el cerebro. Evoca sensaciones de bienestar, reduce la ansiedad y fomenta la tranquilidad y sensaci\u00f3n de seguridad. De ah\u00ed que se cree que la oxitocina puede ser importante en la inhibici\u00f3n de las zonas del cerebro asociados con el control del comportamiento p.ej. miedo y ansiedad, reduciendo el estr\u00e9s. Se cree que la acci\u00f3n de reducir el miedo se produce porque inhibe la am\u00edgdala (o cerebro de reptil) que, seg\u00fan se cree, es responsable de las respuestas basadas en el miedo.<\/p>\n<p>La oxitocina reduce la ansiedad, baja la tension arterial, los niveles de cortisol, y reduce el dolor y el miedo. Fomenta el crecimiento. En ciertos experimentos han comprobado que cuando se eleva el nivel de oxitocina sanan con mayor rapidez las heridas.<\/p>\n<p>La producci\u00f3n de oxitocina tambi\u00e9n se estimula mediante el tacto suave, pero no s\u00f3lo. Tambi\u00e9n la estimulan el calor, la presi\u00f3n leve, caricias, ingesti\u00f3n de comida (sobre todo comidas grasas, el chocolate y los pimientos), los olores agradables y familiares, sonidos y una iluminaci\u00f3n tranquilizadores. Incluso estar en un entorno social agradable estimula la producci\u00f3n de oxitocina. De ah\u00ed se puede deducir que hay muchos elementos que favorecen la producci\u00f3n de esta hormona.<\/p>\n<p>El TTouch cumple con varios requisitos p.ej. el tacto suave que se usa para hacer el trabajo corporal; los TTouches tipo Marcha de No\u00e9 que son como caricias; la presi\u00f3n leve tanto de las TTouches como de los vendajes corporales sin olvidar que cuando hacemos este trabajo procuramos crear un espacio tranquilo y relajante.<\/p>\n<p>Una vez producida la hormona, no desaparece de manera instant\u00e1nea por lo que creo que no contribuir\u00eda a la ansiedad por separaci\u00f3n sino todo lo contrario.\u00a0 Conocida tambi\u00e9n como la hormona de la confianza, en las parejas humanas crea el entorno adecuada para que puedan confiar el uno en la otra y sobre ella se basa la vinculaci\u00f3n como grupo humano: incluso los neopap\u00e1s la experimentan y as\u00ed se cimienta la fidelidad de la pareja y el vinculo entre padre e hijo\/a.<\/p>\n<p>Por lo tanto, creo que en casos de ansiedad por separaci\u00f3n, desde el punto de vista de TTouch, si se hace el trabajo corporal y\/o se pone un vendaje corporal antes de dejar el animal solo se alivia cualquier estr\u00e9s que pueda producir la separaci\u00f3n al reducir el miedo, la producci\u00f3n de cortisol etc.<\/p>\n<p>Para los que han hecho el curso introductorio de zoofarmacognosis conviene destacar que los olores tambi\u00e9n estimulan la producci\u00f3n de oxitocina por lo que la pr\u00e1ctica de la zoofarmacognosis puede ser muy beneficiosa. Tambi\u00e9n es interesante notar que las neuronas magnocelulares que producen la oxitocina se encuentran cerca de las que hacen la vasopresina que es una de las sustancias clave en los comportamientos reactivos.<\/p>\n<p>Como conclusi\u00f3n dir\u00eda que el trabajo tanto de TTouch como de zoofarmacognosis nos ayuda a combatir las situaciones de estr\u00e9s, ansiedad etc.<\/p>\n","protected":false},"excerpt":{"rendered":"<p>La oxitocina es una hormona que act\u00faa principalmente como un neuromodulador en el cerebro. Evoca sensaciones de bienestar, reduce la ansiedad y fomenta la tranquilidad y sensaci\u00f3n de seguridad. De ah\u00ed que se cree que la oxitocina puede ser importante en la inhibici\u00f3n de las zonas del cerebro asociados con el control del comportamiento p.ej.  [&#8230;]<\/p>\n","protected":false},"author":2,"featured_media":0,"parent":0,"menu_order":0,"comment_status":"closed","ping_status":"closed","template":"","meta":{"footnotes":""},"class_list":["post-178","page","type-page","status-publish","hentry"],"_links":{"self":[{"href":"https:\/\/ttouch1.com\/es\/wp-json\/wp\/v2\/pages\/178","targetHints":{"allow":["GET"]}}],"collection":[{"href":"https:\/\/ttouch1.com\/es\/wp-json\/wp\/v2\/pages"}],"about":[{"href":"https:\/\/ttouch1.com\/es\/wp-json\/wp\/v2\/types\/page"}],"author":[{"embeddable":true,"href":"https:\/\/ttouch1.com\/es\/wp-json\/wp\/v2\/users\/2"}],"replies":[{"embeddable":true,"href":"https:\/\/ttouch1.com\/es\/wp-json\/wp\/v2\/comments?post=178"}],"version-history":[{"count":2,"href":"https:\/\/ttouch1.com\/es\/wp-json\/wp\/v2\/pages\/178\/revisions"}],"predecessor-version":[{"id":2377,"href":"https:\/\/ttouch1.com\/es\/wp-json\/wp\/v2\/pages\/178\/revisions\/2377"}],"wp:attachment":[{"href":"https:\/\/ttouch1.com\/es\/wp-json\/wp\/v2\/media?parent=178"}],"curies":[{"name":"wp","href":"https:\/\/api.w.org\/{rel}","templated":true}]}}