{"id":186,"date":"2016-11-14T16:32:11","date_gmt":"2016-11-14T15:32:11","guid":{"rendered":"http:\/\/ttouch1.com\/es\/?page_id=186"},"modified":"2021-07-12T10:25:33","modified_gmt":"2021-07-12T08:25:33","slug":"las-normas-del-cerebro-para-efectuar-cambios","status":"publish","type":"page","link":"https:\/\/ttouch1.com\/es\/las-normas-del-cerebro-para-efectuar-cambios\/","title":{"rendered":"Las normas del cerebro para efectuar cambios"},"content":{"rendered":"<p>Tantas veces los tutores de los animales quieren modificar comportamientos que para ellos son indeseables, pero \u00bfrealmente tenemos en cuenta los mecanismos que se producen en el cerebro para que el trabajo realizado sea eficaz y se produzca el cambio deseado? En estos peque\u00f1os fragmentos Robin Bernhard esclarece los conceptos m\u00e1s b\u00e1sicos. Para muchos ya son conocidos pero nunca est\u00e1 de m\u00e1s recordarlos para que nuestro trabajo sea fruct\u00edfero.<\/p>\n<p>Estos son peque\u00f1os fragmentos de un art\u00edculo escrito por Robin Bernhard, Charlottesville, Virginia<\/p>\n<div><i>\u00abLa neurociencia nos ense\u00f1a que los recuerdos\u00a0 &#8230;\u00a0 son flexibles y pueden ser cambiadas en un instante.<\/i><\/div>\n<div><i>\u00a0<\/i><\/div>\n<div><i>Cada vez que un antiguo recuerdo se reactiva se abre un breve per\u00edodo critico durante el cual las sinapsis entre las c\u00e9lulas act\u00faan en consonancia dejando el recuerdo al descubierto. Este proceso se llama la desconsolidaci\u00f3n. Si nueva informaci\u00f3n entra durante ese breve per\u00edodo cuando el antiguo recuerdo se est\u00e1 disolviendo, se puede producir un cambio instant\u00e1neo. Seg\u00fan (Bruce) Ecker, deben producirse dos circunstancias para que la nueva informaci\u00f3n pueda acceder al antiguo recuerdo:<\/i><\/div>\n<div><i>\u00a0<\/i><\/div>\n<div><i>1) El recuerdo\u00a0 debe reactivarse para que se puede iniciar el proceso de disoluci\u00f3n.<\/i><\/div>\n<div><i>2) En el momento en que se reactiva el antiguo recuerdo y queda accesible, debe estar disponible nueva informaci\u00f3n que contradice y confunde de manera radical las expectativas.<\/i><\/div>\n<div><i>\u00a0<\/i><\/div>\n<div><i>La primera norma para el cambio instant\u00e1neo requiere que se reactive alg\u00fan aspecto de un recuerdo.\u00a0 Los vendajes (TTouch) ofrecen informaci\u00f3n tanto a las v\u00edas proprioceptivas como a las coet\u00e1neos que se cree activan la memoria del cuerpo, incluso los recuerdos almacenados a nivel celular. Lo hermoso del M\u00e9todo Tellington es que la memoria celular vuela bajo, por debajo del umbral del radar de la mente consciente, de manera que se puede producir esta suave activaci\u00f3n de la memoria corporal sin catarsis e incluso sin alertar la mente consciente tan siquiera.<\/i><\/div>\n<div><i>\u00a0<\/i><\/div>\n<p><i>La segunda norma para el cambio instant\u00e1neo requiere que est\u00e9 disponible la informaci\u00f3n necesaria en el momento oportuno y que esta informaci\u00f3n contradiga de manera radical las expectativas hist\u00f3ricas. A menudo los temas a corregir mediante Tellington TTouch est\u00e1n relacionados con la confianza, el dolor y\/o miedo que se desarrollaron cuando la persona o animal ha experimentado unas circunstancias sobrecogedoras y una sensaci\u00f3n de incapacidad. El trabajo de Tellington TTouch siempre se realiza en un entorno seguro y en el contexto de una relaci\u00f3n de confianza: no cabe ni el dolor, ni el miedo, coerci\u00f3n o presi\u00f3n de ning\u00fan tipo.\u00bb<\/i><\/p>\n<p>Creo que este peque\u00f1o resumen puede servir para comprender mejor la naturaleza de este trabajo y orientar nuestras actuaciones en b\u00fasqueda de esa \u00abventana de oportunidad\u00bb.<\/p>\n<p>Traducci\u00f3n: Mary Rodr\u00edguez<\/p>\n","protected":false},"excerpt":{"rendered":"<p>Tantas veces los tutores de los animales quieren modificar comportamientos que para ellos son indeseables, pero \u00bfrealmente tenemos en cuenta los mecanismos que se producen en el cerebro para que el trabajo realizado sea eficaz y se produzca el cambio deseado? En estos peque\u00f1os fragmentos Robin Bernhard esclarece los conceptos m\u00e1s b\u00e1sicos. Para muchos ya  [&#8230;]<\/p>\n","protected":false},"author":2,"featured_media":0,"parent":0,"menu_order":0,"comment_status":"closed","ping_status":"closed","template":"","meta":{"footnotes":""},"class_list":["post-186","page","type-page","status-publish","hentry"],"_links":{"self":[{"href":"https:\/\/ttouch1.com\/es\/wp-json\/wp\/v2\/pages\/186","targetHints":{"allow":["GET"]}}],"collection":[{"href":"https:\/\/ttouch1.com\/es\/wp-json\/wp\/v2\/pages"}],"about":[{"href":"https:\/\/ttouch1.com\/es\/wp-json\/wp\/v2\/types\/page"}],"author":[{"embeddable":true,"href":"https:\/\/ttouch1.com\/es\/wp-json\/wp\/v2\/users\/2"}],"replies":[{"embeddable":true,"href":"https:\/\/ttouch1.com\/es\/wp-json\/wp\/v2\/comments?post=186"}],"version-history":[{"count":3,"href":"https:\/\/ttouch1.com\/es\/wp-json\/wp\/v2\/pages\/186\/revisions"}],"predecessor-version":[{"id":2375,"href":"https:\/\/ttouch1.com\/es\/wp-json\/wp\/v2\/pages\/186\/revisions\/2375"}],"wp:attachment":[{"href":"https:\/\/ttouch1.com\/es\/wp-json\/wp\/v2\/media?parent=186"}],"curies":[{"name":"wp","href":"https:\/\/api.w.org\/{rel}","templated":true}]}}