{"id":189,"date":"2016-11-14T16:37:18","date_gmt":"2016-11-14T15:37:18","guid":{"rendered":"http:\/\/ttouch1.com\/es\/?page_id=189"},"modified":"2016-11-14T16:37:18","modified_gmt":"2016-11-14T15:37:18","slug":"que-es-el-metodo-tellington-ttouch","status":"publish","type":"page","link":"https:\/\/ttouch1.com\/es\/que-es-el-metodo-tellington-ttouch\/","title":{"rendered":"\u00bfQu\u00e9 es el M\u00e9todo Tellington TTouch?"},"content":{"rendered":"<p>Ya empieza a sonar en el mundo latino el M\u00e9todo Tellington TTouch. Pero \u00bfqu\u00e9 es? \u00bfEs un m\u00e9todo de adiestramiento? \u00bfEs un tipo de masaje? &#8230; Es todo eso y mucho m\u00e1s.<\/p>\n<p>El M\u00e9todo Tellington TTouch no quiere limitarse a impedir que los animales hagan determinadas cosas sino que busca llegar hasta el fondo de la cuesti\u00f3n para averiguar por qu\u00e9 surgen ciertos comportamientos y encontrar maneras de ayudar a los animales a elegir comportamientos m\u00e1s aceptables.<\/p>\n<p>Tellington TTouch pretende ayudarnos a incidir sobre la salud y el comportamiento de nuestros animales utilizando diferentes t\u00e1cticas para estimular el sistema nervioso parasimp\u00e1tico, la parte del sistema nervioso que suscita sensaciones de tranquilidad y bienestar. Como bien sabemos todos, si estamos en un estado de alerta y estr\u00e9s constantes, es imposible aprender y se resiente la salud.<\/p>\n<p>Pero \u00bfc\u00f3mo lo hace? El aspecto m\u00e1s conocido del M\u00e9todo Tellington es el trabajo corporal que consiste en ejercer una presi\u00f3n leve sobre el cuerpo de modo que despierta el sistema nervioso parasimp\u00e1tico y pone en marcha el sistema de comunicaci\u00f3n celular. Existen varios tipos de TTouches o movimientos:<\/p>\n<ul>\n<li>deslizamientos<\/li>\n<li>levantamientos y<\/li>\n<li>movimientos circulares.<\/li>\n<\/ul>\n<p>Otro aspecto del trabajo corporal son los movimientos no habituales. Adem\u00e1s, disponemos de formas espec\u00edficas de trabajar determinadas zonas del cuerpo, como las orejas, la cola y la boca.<\/p>\n<p>Una herramienta menos conocida utilizada por el M\u00e9todo son los vendajes corporales. La aplicaci\u00f3n de vendas en diferentes configuraciones nos permite llamar la atenci\u00f3n del cuerpo a las diversas zonas del mismo. Los vendajes ejercen un efecto tranquilizador y, adem\u00e1s, ayudan a los animales a tomar conciencia de su propio cuerpo con lo cual pueden ayudar a corregir irregularidades de postura y de movimiento.<\/p>\n<p>La tercera columna del M\u00e9todo Tellington es el trabajo de pista o la Pista de Confianza. Como indica su nombre, este trabajo ayuda a los animales a concentrarse y, por consiguiente, a aprender mejor. El trabajo es pausado y permite que el animal alcance su punto de equilibrio f\u00edsico con lo cual tambin o la conciencia de donde se encuentran los al. El trabajo es pausado y permite que el animal alcance su punto de equilibrio f\u00e9n se consigue un equilibrio mental y emocional. Fomenta, adem\u00e1s, el sentido de la propriocepci\u00f3n o la conciencia de donde se encuentran los miembros en el espacio.<\/p>\n<p>\u00bfPara qu\u00e9 sirve? \u00bfQui\u00e9n no ha tenido un animal que se pon\u00eda fren\u00e9tico cada vez que ten\u00eda que ir al veterinario? \u00bfO que se marea en el coche? Cu\u00e1ntas personas tienen mascotas que padecen ansiedad por separaci\u00f3n? Son much\u00edsimos los animales nerviosos o hiperactivos. Y cuando llegan a mayores muchos padecen problemas de las articulaciones. La lista de posibles aplicaciones es larga y muy diversificada.<\/p>\n<p>Lo maravilloso de este m\u00e9todo es que se puede emplear con cualquier tipo de animal, desde una serpiente hasta los seres humanos pasando por las aves. El M\u00e9todo naci\u00f3 en los a\u00f1os 70 en el mundo ecuestre cuando Linda Tellington-Jones buscaba formas de contrarrestar los efectos del esfuerzo en los caballos que compet\u00edan en carreras de larga distancia. La base del trabajo era el m\u00e9todo Feldenkrais que Linda hab\u00eda estudiado bajo Moshe Feldenkrais.<\/p>\n<p>Desde el mundo del caballo se extendi\u00f3 al universo canino y de ah\u00ed a los dem\u00e1s animales de compa\u00f1\u00eda cruzando por fin el umbral de la terapia humana. La eficacia del m\u00e9todo ha asegurado su aceptaci\u00f3n entre los profesionales de la salud animal de manera que hoy es utilizado en clinicas veterinarias, peluquer\u00edas caninas y otros establecimientos. Su divulgaci\u00f3n es mayor en Norteam\u00e9rica, el Reino Unido, Australia y los pa\u00edses del norte europeo, como Alemania. En muchos pa\u00edses las protectoras y refugios de animales practican el m\u00e9todo y forman su personal en \u00e9l porque han comprobado que los animales sensibles, miedosos y reactivos pueden ser recuperados para la adopci\u00f3n al alcanzar un nivel de tranquilidad y bienestar.<\/p>\n<p>Pero eso no es todo. En el zool\u00f3gico de Oakland(California) la adiestradora jefe de las jirafas es terapeuta de TTouch y usa el m\u00e9todo desde hace muchos a\u00f1os en su trabajo diario. Recientemente un chico que asisti\u00f3 a un curso en Buenos Aires y que trabaja en el zool\u00f3gico de la capital ha sido nombrado adiestrador de las jirafas por lo que espera poder poner en pr\u00e1ctica lo aprendido con sus nuevas \u00abestudiantes\u00bb.<\/p>\n<p>Ante todo, este m\u00e9todo se basa en el respeto, la cooperaci\u00f3n y la comprensi\u00f3n. Si hacemos el esfuerzo de entender el lenguaje corporal de los animales y comprendemos lo que nos intentan comunicar, podemos responder mejor a sus necesidades. Si respetamos las emociones de los animales y les damos la oportunidad de elegir en vez de obligarlos a obedecer sin tener en cuenta las consecuencias negativas de la coerci\u00f3n, podemos potenciar el trabajo en equipo y la cooperaci\u00f3n, fomentando as\u00ed la confianza. La confianza es la base de toda relaci\u00f3n de respeto mutuo. Cuando existe esa complicidad entre las personas y sus animales la relaci\u00f3n no tiene parang\u00f3n. \u00bfPodemos permitirnos el lujo de dejar pasar esta posibilidad?<\/p>\n<p><strong>\u00a9 <\/strong>Mary J. Rodr\u00edguez M.A.(Hons); Dip. Ed.; Dip IAZ<\/p>\n<p>Terpeuta certificada de Tellington TTouch P2<\/p>\n<p>Terapeuta de Zoofarmacognosis Aplicada<\/p>\n<p>&nbsp;<\/p>\n","protected":false},"excerpt":{"rendered":"<p>Ya empieza a sonar en el mundo latino el M\u00e9todo Tellington TTouch. Pero \u00bfqu\u00e9 es? \u00bfEs un m\u00e9todo de adiestramiento? \u00bfEs un tipo de masaje? &#8230; Es todo eso y mucho m\u00e1s. El M\u00e9todo Tellington TTouch no quiere limitarse a impedir que los animales hagan determinadas cosas sino que busca llegar hasta el fondo de  [&#8230;]<\/p>\n","protected":false},"author":2,"featured_media":0,"parent":0,"menu_order":0,"comment_status":"closed","ping_status":"closed","template":"","meta":{"footnotes":""},"class_list":["post-189","page","type-page","status-publish","hentry"],"_links":{"self":[{"href":"https:\/\/ttouch1.com\/es\/wp-json\/wp\/v2\/pages\/189","targetHints":{"allow":["GET"]}}],"collection":[{"href":"https:\/\/ttouch1.com\/es\/wp-json\/wp\/v2\/pages"}],"about":[{"href":"https:\/\/ttouch1.com\/es\/wp-json\/wp\/v2\/types\/page"}],"author":[{"embeddable":true,"href":"https:\/\/ttouch1.com\/es\/wp-json\/wp\/v2\/users\/2"}],"replies":[{"embeddable":true,"href":"https:\/\/ttouch1.com\/es\/wp-json\/wp\/v2\/comments?post=189"}],"version-history":[{"count":1,"href":"https:\/\/ttouch1.com\/es\/wp-json\/wp\/v2\/pages\/189\/revisions"}],"predecessor-version":[{"id":190,"href":"https:\/\/ttouch1.com\/es\/wp-json\/wp\/v2\/pages\/189\/revisions\/190"}],"wp:attachment":[{"href":"https:\/\/ttouch1.com\/es\/wp-json\/wp\/v2\/media?parent=189"}],"curies":[{"name":"wp","href":"https:\/\/api.w.org\/{rel}","templated":true}]}}