{"id":63,"date":"2016-11-10T01:54:52","date_gmt":"2016-11-10T00:54:52","guid":{"rendered":"http:\/\/ttouch1.com\/?page_id=63&#038;lang=es"},"modified":"2022-02-25T12:00:56","modified_gmt":"2022-02-25T11:00:56","slug":"quienes-somos","status":"publish","type":"page","link":"https:\/\/ttouch1.com\/es\/quienes-somos\/","title":{"rendered":"Quienes somos"},"content":{"rendered":"<p><img decoding=\"async\" class=\"size-medium wp-image-2689 alignleft\" src=\"https:\/\/ttouch1.com\/wp-content\/uploads\/\/Maryeagle-300x201.jpg\" alt=\"\" width=\"300\" height=\"201\" srcset=\"https:\/\/ttouch1.com\/wp-content\/uploads\/Maryeagle-200x134.jpg 200w, https:\/\/ttouch1.com\/wp-content\/uploads\/Maryeagle-300x201.jpg 300w, https:\/\/ttouch1.com\/wp-content\/uploads\/Maryeagle-400x268.jpg 400w, https:\/\/ttouch1.com\/wp-content\/uploads\/Maryeagle.jpg 480w\" sizes=\"(max-width: 300px) 100vw, 300px\" \/>Mary Rodr\u00edguez se licenci\u00f3 en Estudios Hisp\u00e1nicas en la Universidad de Glasgow, Escocia, y posteriormente complet\u00f3 un curso de postgraduado en pedagog\u00eda. Tras varios a\u00f1os dedicados a la ense\u00f1anza tanto en Escocia como en Espa\u00f1a, las exigencias de la vida aconsejaron un cambio de orientaci\u00f3n profesional que fuese m\u00e1s \u201cport\u00e1til\u201d.\u00a0 La siguiente etapa de sus vida fue dedicada a la traducci\u00f3n e interpetaci\u00f3n y ejerci\u00f3 como traductora freelance para la UNESCO en Par\u00eds y en el mundo comercial. La llegada de la internet facilit\u00f3 este cambio de profesi\u00f3n y le permiti\u00f3 trabajar hasta en la selva tropical de Bolivia.<\/p>\n<p>A la b\u00fasqueda de soluciones para los animales que compart\u00edan su vida &#8211;\u00a0 un macho cabr\u00edo, gallinas y patos adem\u00e1s de los perros y gatos \u2013 empez\u00f3 a explorar la aromaterapia y m\u00e1s tarde la homeopat\u00eda con Hala Sioufi y la organizaci\u00f3n homeop\u00e1tico en la India \u00abEnlightenment Education\u00bb, una iniciativa del Dr. Jahawar Shah. Recientemenge fue nombrada miembro honorario de la Asociaci\u00f3n de Medicina Homeop\u00e1tica Veterinaria.<\/p>\n<p>Su profundo inter\u00e9s por los temas espirituales la llev\u00f3 a profundizar en la meditaci\u00f3n, el Reiki, la visualizaci\u00f3n del aura con el Dr. Cristi\u00e1n Salada de Cuba y el impacto del sonido en el proceso de sanaci\u00f3n.<\/p>\n<p>En un intento de encontrar una soluci\u00f3n al caso de extrema ansiedad debido a la separaci\u00f3n que padec\u00eda un perro joven, descubri\u00f3 TTouch\u00ae que parec\u00eda sintonizar con sus ideas. Un primer curso con Robyn Hood, la hermana de Linda Tellington-Jones, en Tilley Farm, el centro organizado por Sarah Fisher cerca de Bath en Inglaterra, result\u00f3 ser tan inspiracional que decidi\u00f3 cualificarse en el M\u00e9todo. Complet\u00f3 sus estudios en Inglaterra, Canad\u00e1 y Suiza con Robyn Hood y Kathy Cascade. M\u00e1s tarde hizo un curso avanzado con la fundadora del m\u00e9todo, Linda Tellington-Jones, y otros cursos con Edie Jane Eaton con quien tamabi\u00e9n colabor\u00f3 en un curso en Suiza. Su experiencia en el mundo de la educaci\u00f3n ha sido clave para transmitir con claridad la filosof\u00eda y las t\u00e9cnicas del M\u00e9todo Tellington.<\/p>\n<p>Ha impartido cursos de TTouch en Argentina, Brasil, Eslovenia Espa\u00f1a, Finlandia, Inglaterra, M\u00e9xico, Portugal y Uruguay.<\/p>\n<p>Poco despu\u00e9s de certificarse en el M\u00e9todo Tellington TTouch, obtuvo el diploma en <a href=\"https:\/\/animalinharmony.com\/es\/\">zoofarmacognosis aplicada<\/a> con Caroline Ingraham. Esta disciplina le ha permitido abrir otra dimensi\u00f3n para su trabajo con las plantas y aceites esenciales, ofreciendo el complemento perfecto a TTouch.<\/p>\n<p>M\u00e1s recientemente ha comenzado a trabajar online ofreciendo webinarios sobre una variedad de temas relacionados con la educaci\u00f3n y el bienestar de los animales, adem\u00e1s de ejercer como int\u00e9rprete para ponentes de renombre internacional en el campo de la educaci\u00f3n con refuerzo positivo, tales como Turid Rugaas, Ken Ramirez, Dra. Susan Friedman, Dr. Chris Pachel y otras colegas del mundo de TTouch como Robyn Hood, Rachel Jackson, Dra. Daniella Zurr y Lisa Leicht entre otros. Otra iniciative reciente ha sido la colaboraci\u00f3n con la Universidad Abierta Interamericana ((UAI) basada en Buenos Aires.<\/p>\n<p>Es la autora del primer libro en espa\u00f1ol sobre la zoofarmacognosis aplicada \u00ab<a href=\"https:\/\/www.edogtorial.com\/producto\/libre-eleccion-zoofarmacognosis-aplicada-los-animales-se-automedican\/\">Libre Elecci\u00f3n: los animales se automedican<\/a>\u00bb y ha traducido los libros de Robyn Hood y Mandy Pretty \u00abAll Wrapped Up\u00bb y \u00abHarnessing Your Dog&#8217;s Perfection\u00bb. Las versiones en espa\u00f1ol se lanzar\u00e1n a lo largo de 2022 en la editorial www.edogtorial.com.<\/p>\n<p>Ofrecemos los siguientes servicios:<\/p>\n<ul>\n<li>Taller de un d\u00eda \u201cIntroducci\u00f3n a TTouch\u201d<\/li>\n<li>Cursos de dos d\u00edas para desarrollar las t\u00e9cnicas TTouch<\/li>\n<li>Taller de un d\u00eda o medio d\u00eda sobre temas espec\u00edficos p.ej. Hipersensibilidad a los ruidos, tormentas, etc.<\/li>\n<li>Consultas particulares (en persona y online)<\/li>\n<li>Sesiones particulares de TTouch<\/li>\n<li>Webinars sobre temas espec\u00edficos p.ej. ansiedad, reactividad, casas con m\u00faltiples animales, estr\u00e9s, etc.<\/li>\n<li>Cursos online<\/li>\n<\/ul>\n<p>Si le gustar\u00eda organizar un taller en su zona o quisiera concertar una cita para su animal de compa\u00f1\u00eda, se ruega cumplimente el formulario.<\/p>\n<p>\u00a1Ser\u00e1 un placer trabajar con\u00a0 ustedes!<\/p>\n","protected":false},"excerpt":{"rendered":"<p>Mary Rodr\u00edguez se licenci\u00f3 en Estudios Hisp\u00e1nicas en la Universidad de Glasgow, Escocia, y posteriormente complet\u00f3 un curso de postgraduado en pedagog\u00eda. Tras varios a\u00f1os dedicados a la ense\u00f1anza tanto en Escocia como en Espa\u00f1a, las exigencias de la vida aconsejaron un cambio de orientaci\u00f3n profesional que fuese m\u00e1s \u201cport\u00e1til\u201d.\u00a0 La siguiente etapa de sus  [&#8230;]<\/p>\n","protected":false},"author":1,"featured_media":0,"parent":0,"menu_order":31,"comment_status":"closed","ping_status":"closed","template":"","meta":{"footnotes":""},"class_list":["post-63","page","type-page","status-publish","hentry"],"_links":{"self":[{"href":"https:\/\/ttouch1.com\/es\/wp-json\/wp\/v2\/pages\/63","targetHints":{"allow":["GET"]}}],"collection":[{"href":"https:\/\/ttouch1.com\/es\/wp-json\/wp\/v2\/pages"}],"about":[{"href":"https:\/\/ttouch1.com\/es\/wp-json\/wp\/v2\/types\/page"}],"author":[{"embeddable":true,"href":"https:\/\/ttouch1.com\/es\/wp-json\/wp\/v2\/users\/1"}],"replies":[{"embeddable":true,"href":"https:\/\/ttouch1.com\/es\/wp-json\/wp\/v2\/comments?post=63"}],"version-history":[{"count":13,"href":"https:\/\/ttouch1.com\/es\/wp-json\/wp\/v2\/pages\/63\/revisions"}],"predecessor-version":[{"id":2697,"href":"https:\/\/ttouch1.com\/es\/wp-json\/wp\/v2\/pages\/63\/revisions\/2697"}],"wp:attachment":[{"href":"https:\/\/ttouch1.com\/es\/wp-json\/wp\/v2\/media?parent=63"}],"curies":[{"name":"wp","href":"https:\/\/api.w.org\/{rel}","templated":true}]}}