{"id":65,"date":"2016-11-10T01:55:51","date_gmt":"2016-11-10T00:55:51","guid":{"rendered":"http:\/\/ttouch1.com\/?page_id=65&#038;lang=es"},"modified":"2022-02-28T02:28:42","modified_gmt":"2022-02-28T01:28:42","slug":"home","status":"publish","type":"page","link":"https:\/\/ttouch1.com\/es\/","title":{"rendered":"Inicio"},"content":{"rendered":"<div class=\"fusion-fullwidth fullwidth-box fusion-builder-row-1 hundred-percent-fullwidth non-hundred-percent-height-scrolling\" style=\"--awb-border-radius-top-left:0px;--awb-border-radius-top-right:0px;--awb-border-radius-bottom-right:0px;--awb-border-radius-bottom-left:0px;--awb-overflow:visible;--awb-flex-wrap:wrap;\" ><div class=\"fusion-builder-row fusion-row\"><div class=\"fusion-layout-column fusion_builder_column fusion-builder-column-0 fusion_builder_column_2_3 2_3 fusion-two-third fusion-column-first\" style=\"--awb-bg-size:cover;width:65.3333%; margin-right: 4%;\"><div class=\"fusion-column-wrapper fusion-flex-column-wrapper-legacy\"><div class=\"fusion-text fusion-text-1\" style=\"--awb-text-transform:none;\"><h1>Tellington TTouch\u00ae<\/h1>\n<h2>Un M\u00e9todo \u00danico de Adiestramiento, Manejo y Rehabilitaci\u00f3n<\/h2>\n<p>Tellington TTouch\u00ae es un m\u00e9todo \u00fanico de incidir sobre la salud y el comportamiento de los animales que permite que aprendan de manera m\u00e1s eficaz aumentando su autoconfianza.<\/p>\n<p>TTouch\u00ae fue desarrollado por Linda Tellington-Jones, adiestradora, profesora y autora de renombre internacional. El m\u00e9todo tuvo sus or\u00edgenes en el mundo ecuestre pero muy pronto pas\u00f3 a otras especies, incluidos los humanos.<\/p>\n<p>Basadas en el respeto, estas t\u00e9cnicas promocionan una salud y un rendimiento \u00f3ptimos sin suscitar miedo ni ejercer fuerza sobre el animal porque se basan en la cooperaci\u00f3n y la comprensi\u00f3n en vez del dominio y el control.\u00a0 Al reducir el estr\u00e9s y aumentar la confianza del animal le ayudamos a encontrar unas respuestas m\u00e1s adecuadas bajo circunstancias que antes le resultaban dif\u00edciles o que lo asustaban.<\/p>\n<p>El M\u00e9todo Tellington se basa en una forma espec\u00edfica de tacto conocida como TTouch\u00ae que incide sobre el sistema nervioso evocando un estado de relajaci\u00f3n y fomentando una mayor autoconciencia, lo cual le permite al animal aprender de manera \u00f3ptima.\u00a0 Tambi\u00e9n disponemos de una amplia gama de otras herramientas que le dan al animal la oportunidad de sentir una mayor confianza en situaciones dif\u00edciles. En algunos casos los comportamientos m\u00e1s arraigados pueden ser eliminados en pocas sesiones.<\/p>\n<p>Conviene recordar que el comportamiento no es otra cosa que forma de comunicaci\u00f3n y si somos capaces de comprender lo que nos quieren comunicar nuestros animales a trav\u00e9s de su comportamiento estaremos m\u00e1s dispuestos a afrontar su comportamiento de manera m\u00e1s emp\u00e1tica y tendremos m\u00e1s posibilidades de ayudarlos a superar las situaciones estresantes.<\/p>\n<p>El trabajo de TTouch\u00ae comprende tres elementos fundamentales:<\/p>\n<ul>\n<li>Trabajo corporal<\/li>\n<li>Trabajo de pista<\/li>\n<li>Otras herramientas tales como los vendajes corporales.<\/li>\n<\/ul>\n<p>TTouch\u00ae tambi\u00e9n nos ense\u00f1a a las personas a observar y comprender a los animales que comparten nuestra vida y nos brinda la oportunidad de crear un v\u00ednculo m\u00e1s estrecho con ellos.<\/p>\n<\/div><div class=\"fusion-clearfix\"><\/div><\/div><\/div><div class=\"fusion-layout-column fusion_builder_column fusion-builder-column-1 fusion_builder_column_1_3 1_3 fusion-one-third fusion-column-last\" style=\"--awb-bg-size:cover;width:30.6666%;\"><div class=\"fusion-column-wrapper fusion-flex-column-wrapper-legacy\"><div class=\"fusion-text fusion-text-2\"><p><img decoding=\"async\" class=\"aligncenter wp-image-214 size-full\" src=\"http:\/\/ttouch1.com\/wp-content\/uploads\/logo-tellington-ttouch-training.png\" alt=\"Tellington TTouch practitioner logo.\" width=\"336\" height=\"122\" srcset=\"https:\/\/ttouch1.com\/wp-content\/uploads\/logo-tellington-ttouch-training-200x73.png 200w, https:\/\/ttouch1.com\/wp-content\/uploads\/logo-tellington-ttouch-training-300x109.png 300w, https:\/\/ttouch1.com\/wp-content\/uploads\/logo-tellington-ttouch-training.png 336w\" sizes=\"(max-width: 336px) 100vw, 336px\" \/><\/p>\n<\/div><div class=\"fusion-clearfix\"><\/div><\/div><\/div><\/div><\/div>\n","protected":false},"excerpt":{"rendered":"","protected":false},"author":1,"featured_media":0,"parent":0,"menu_order":30,"comment_status":"closed","ping_status":"closed","template":"","meta":{"footnotes":""},"class_list":["post-65","page","type-page","status-publish","hentry"],"_links":{"self":[{"href":"https:\/\/ttouch1.com\/es\/wp-json\/wp\/v2\/pages\/65","targetHints":{"allow":["GET"]}}],"collection":[{"href":"https:\/\/ttouch1.com\/es\/wp-json\/wp\/v2\/pages"}],"about":[{"href":"https:\/\/ttouch1.com\/es\/wp-json\/wp\/v2\/types\/page"}],"author":[{"embeddable":true,"href":"https:\/\/ttouch1.com\/es\/wp-json\/wp\/v2\/users\/1"}],"replies":[{"embeddable":true,"href":"https:\/\/ttouch1.com\/es\/wp-json\/wp\/v2\/comments?post=65"}],"version-history":[{"count":12,"href":"https:\/\/ttouch1.com\/es\/wp-json\/wp\/v2\/pages\/65\/revisions"}],"predecessor-version":[{"id":2711,"href":"https:\/\/ttouch1.com\/es\/wp-json\/wp\/v2\/pages\/65\/revisions\/2711"}],"wp:attachment":[{"href":"https:\/\/ttouch1.com\/es\/wp-json\/wp\/v2\/media?parent=65"}],"curies":[{"name":"wp","href":"https:\/\/api.w.org\/{rel}","templated":true}]}}