{"id":67,"date":"2016-11-10T01:56:27","date_gmt":"2016-11-10T00:56:27","guid":{"rendered":"http:\/\/ttouch1.com\/?page_id=67&#038;lang=es"},"modified":"2023-10-15T12:19:28","modified_gmt":"2023-10-15T10:19:28","slug":"articulos","status":"publish","type":"page","link":"https:\/\/ttouch1.com\/es\/articulos\/","title":{"rendered":"Art\u00edculos"},"content":{"rendered":"<h3><a href=\"https:\/\/ttouch1.com\/es\/el-poder-de-los-ojos\/\">El poder de los ojos<\/a><\/h3>\n<h3><a href=\"https:\/\/ttouch1.com\/es\/vendajes-corporales-ttouch-y-la-cromoterapia\/\">Vendajes corporales TTouch y la cromoterapia<\/a><\/h3>\n<h3><a href=\"https:\/\/ttouch1.com\/es\/una-experiencia-positiva-de-aprendizaje\/\">Una experiencia positiva de aprendizaje<\/a><\/h3>\n<h3><a href=\"https:\/\/ttouch1.com\/es\/el-slalom-es-divertido\/\">\u00a1El slalom es divertido!<\/a><\/h3>\n<h3><a href=\"https:\/\/ttouch1.com\/es\/medidas-de-emergencia\/\">Medidas de emergencia<\/a><\/h3>\n<h3><a href=\"https:\/\/ttouch1.com\/es\/arena-abscesos-y-cojera\/\">Arena, abscesos y cojera<\/a><\/h3>\n<h3><a href=\"https:\/\/ttouch1.com\/es\/maximo-galardon-para-salma\/\">M\u00e1ximo galard\u00f3n para Salma<\/a><\/h3>\n<h3><a href=\"https:\/\/ttouch1.com\/es\/la-curva-de-aprendizaje-de-salma-con-la-rampa-y-el-balancin\/\">La curva de aprendizaje de Salma con la rampa y el balanc\u00edn<\/a><\/h3>\n<h3><a href=\"https:\/\/ttouch1.com\/es\/alivio-vs-pena\/\">Alivio Vs Pena<\/a><\/h3>\n<h3><a href=\"https:\/\/ttouch1.com\/es\/desafios-de-verano-e-incompatibilidade\">Desaf\u00edos de verano e incompatibilidades<\/a><\/h3>\n<h3><a href=\"https:\/\/ttouch1.com\/es\/cosas-grandes-y-pequenas\/\">El dolor de las despedidas<\/a><\/h3>\n<h3><a href=\"https:\/\/ttouch1.com\/es\/nuestra-recompensa\/\">Nuestra recompensa: taller sobre la reactividad<\/a><\/h3>\n<h3><a href=\"http:\/\/www.ttouch1.com\/es\/mioterapia\">Mioterapia con Salma<\/a><\/h3>\n<h3><a href=\"https:\/\/ttouch1.com\/es\/taller-ttouch-cadavedo-dia-2\/\">Taller TTouch en Cadavedo D\u00eda 2<\/a><\/h3>\n<h3><a href=\"https:\/\/ttouch1.com\/es\/reanudando-los-talleres-presenciales\/\">Reanudando los talleres presenciales<\/a><\/h3>\n<h3><a href=\"https:\/\/ttouch1.com\/es\/la-vista\/\">La vista<\/a><\/h3>\n<h3><a href=\"https:\/\/ttouch1.com\/es\/equilibrio-y-relacion\/\">Equilibrio y relaci\u00f3n<\/a><\/h3>\n<h3><a href=\"https:\/\/ttouch1.com\/es\/atencion-intencion-y-transformacion\/\">La Atenci\u00f3n, Intenci\u00f3n y Transformaci\u00f3n<\/a><\/h3>\n<h3><a href=\"https:\/\/ttouch1.com\/es\/la-medicina-energetica-y-ttouch\/\">La Medicina Energ\u00e9tica y TTouch<\/a><\/h3>\n<h3><a href=\"https:\/\/ttouch1.com\/es\/comprobacion-objetiva-de-la-eficacia-de-los-vendajes-craneales\/\">Comprobaci\u00f3n objetiva de la eficacia de los vendajes craneales<\/a><\/h3>\n<h3><a href=\"https:\/\/ttouch1.com\/es\/trabajando-con-animales-hipersensibles\/\">Trabajando con animales hipersensibles<\/a><\/h3>\n<h3><a href=\"https:\/\/ttouch1.com\/es\/estiramientos-de-cola-ttouch\/\">Estiramientos de cola TTouch<\/a><\/h3>\n<h3><a href=\"https:\/\/ttouch1.com\/es\/circulos-con-la-cola-ttouch\/\">C\u00edrculos con la cola TTouch<\/a><\/h3>\n<h3><a href=\"https:\/\/ttouch1.com\/es\/las-orejas-un-portal\/\">Las orejas &#8211; un portal: TTouch<\/a><\/h3>\n<h3><a href=\"https:\/\/ttouch1.com\/es\/deslizamientos-de-pelo-ttouch\/\">Deslizamientos de pelo TTouch<\/a><\/h3>\n<h3><a href=\"https:\/\/ttouch1.com\/wp-content\/uploads\/La-cuenta-bancaria-canina.pdf\">La cuenta bancaria canina<\/a><\/h3>\n<h3><a href=\"https:\/\/ttouch1.com\/wp-content\/uploads\/Permisos-y-consentimiento.pdf\">Permisos y consentimiento<\/a><\/h3>\n<h3><a href=\"https:\/\/ttouch1.com\/es\/el-valor-de-la-cooperacion\/\">El valor de la cooperaci\u00f3n<\/a><\/h3>\n<h3><a href=\"https:\/\/issuu.com\/animaliharmony\/docs\/sasha_tribute?fbclid=IwAR0zY7dC0BPsqivfDHCMRMxDsKkiHkUlGT2-9HVb0Je3o8jXUjNh5vtXf6A\">Sasha, un perro muy especial<\/a><\/h3>\n<h3><a href=\"https:\/\/ttouch1.com\/es\/y-de-pronto-vemos-que-nuestro-perro-empieza-a-envejecer\/\">Y de pronto vemos que nuestro perro empieza a envejecer<\/a><\/h3>\n<h3><a href=\"https:\/\/ttouch1.com\/es\/consciente-o-ojos-que-no-ven-corazon-que-no-siente\/\">\u00bfConsciente o&#8230;ojos que no ven, coraz\u00f3n que no siente?<\/a><\/h3>\n<h3><a href=\"http:\/\/ttouch1.com\/es\/que-es-el-metodo-tellington-ttouch\/\">\u00bfQu\u00e9 es el M\u00e9todo Tellington TTouch?<\/a><\/h3>\n<h3><a href=\"http:\/\/ttouch1.com\/es\/por-que-es-diferente-ttouch\/\">\u00bfPor qu\u00e9 es diferente TTouch?<\/a><\/h3>\n<h3><a href=\"http:\/\/ttouch1.com\/es\/escuchando-los-susurros\/\">Escuchando los susurros<\/a><\/h3>\n<h3><a href=\"http:\/\/ttouch1.com\/es\/escuchar-los-susurros-y-luego-hacerles-caso\/\">Escuchar los susurros &#8230; y luego hacerles caso<\/a><\/h3>\n<h3><a href=\"http:\/\/ttouch1.com\/es\/la-importancia-de-la-pausa-en-tellington-ttouc\/\">La Importancia de la pausa en Tellington TTouch<\/a><\/h3>\n<h3><a href=\"http:\/\/ttouch1.com\/es\/oxitocina-ttouch-zoofarmacognosis-y-la-ansiedad-por-separacion\/\">Oxitocina, TTouch, Zoofarmacognosis y la Ansiedad por Separaci\u00f3n<\/a><\/h3>\n<h3><a href=\"http:\/\/ttouch1.com\/es\/las-normas-del-cerebro-para-efectuar-cambios\/\">Las normas del cerebro para efectuar cambios<\/a><\/h3>\n","protected":false},"excerpt":{"rendered":"<p>El poder de los ojos Vendajes corporales TTouch y la cromoterapia Una experiencia positiva de aprendizaje \u00a1El slalom es divertido! Medidas de emergencia Arena, abscesos y cojera M\u00e1ximo galard\u00f3n para Salma La curva de aprendizaje de Salma con la rampa y el balanc\u00edn Alivio Vs Pena Desaf\u00edos de verano e incompatibilidades El dolor de las  [&#8230;]<\/p>\n","protected":false},"author":1,"featured_media":0,"parent":0,"menu_order":35,"comment_status":"closed","ping_status":"closed","template":"","meta":{"footnotes":""},"class_list":["post-67","page","type-page","status-publish","hentry"],"_links":{"self":[{"href":"https:\/\/ttouch1.com\/es\/wp-json\/wp\/v2\/pages\/67","targetHints":{"allow":["GET"]}}],"collection":[{"href":"https:\/\/ttouch1.com\/es\/wp-json\/wp\/v2\/pages"}],"about":[{"href":"https:\/\/ttouch1.com\/es\/wp-json\/wp\/v2\/types\/page"}],"author":[{"embeddable":true,"href":"https:\/\/ttouch1.com\/es\/wp-json\/wp\/v2\/users\/1"}],"replies":[{"embeddable":true,"href":"https:\/\/ttouch1.com\/es\/wp-json\/wp\/v2\/comments?post=67"}],"version-history":[{"count":54,"href":"https:\/\/ttouch1.com\/es\/wp-json\/wp\/v2\/pages\/67\/revisions"}],"predecessor-version":[{"id":3212,"href":"https:\/\/ttouch1.com\/es\/wp-json\/wp\/v2\/pages\/67\/revisions\/3212"}],"wp:attachment":[{"href":"https:\/\/ttouch1.com\/es\/wp-json\/wp\/v2\/media?parent=67"}],"curies":[{"name":"wp","href":"https:\/\/api.w.org\/{rel}","templated":true}]}}