{"id":87,"date":"2016-11-10T03:24:04","date_gmt":"2016-11-10T02:24:04","guid":{"rendered":"http:\/\/ttouch1.com\/es\/?page_id=87"},"modified":"2022-01-31T15:49:42","modified_gmt":"2022-01-31T14:49:42","slug":"vinculos","status":"publish","type":"page","link":"https:\/\/ttouch1.com\/es\/vinculos\/","title":{"rendered":"Enlaces"},"content":{"rendered":"<h2>TTouch\u00ae &amp; TTEAM<\/h2>\n<p><a href=\"http:\/\/www.ttouch.com\" target=\"_blank\" rel=\"noopener\">Linda Tellington-Jones Homepage<\/a><br \/>\nCalendario de eventos, perfil de la fundadora Linda tellington-Jones, tienda on-line<br \/>\n<a href=\"http:\/\/www.tellingtonttouch.it\" target=\"_blank\" rel=\"noopener\">TTouch &amp; TEAM en Italia<\/a><br \/>\nTTouch &amp; TEAM en Italia, con Anne Bigi-Schuster<br \/>\n<a href=\"http:\/\/www.tteam-ttouch.ca\" target=\"_blank\" rel=\"noopener\">TTEAM &amp; TTouch en Canada<\/a><br \/>\nRobyn Hood y la oficina de TTouch\/TTEAM office en Canad\u00e1<br \/>\n<a href=\"http:\/\/www.tteam.de\" target=\"_blank\" rel=\"noopener\">TTEAM &amp; TTouch en Alemania<\/a><br \/>\nBibi Degn, Directora de TTEAM Guild en Alemania<br \/>\n<a href=\"http:\/\/www.ttouchtteam.co.uk\" target=\"_blank\" rel=\"noopener\">TTEAM &amp; TTouch en el Reino Unido<\/a><br \/>\nSarah Fisher y Tilley Farm en el Reino Unido<br \/>\n<a href=\"http:\/\/www.tteam.at\" target=\"_blank\" rel=\"noopener\">TTEAM &amp; TTouch en Austria<\/a><br \/>\nTTEAM &#8211; oficina en Austria<br \/>\n<a href=\"http:\/\/www.tteam.ch\" target=\"_blank\" rel=\"noopener\">TTEAM &#8211; oficina en Suiza <\/a><br \/>\nTTEAM &#8211; oficina en Suiza<br \/>\n<a href=\"http:\/\/www.ttouchsa.co.za\" target=\"_blank\" rel=\"noopener\">TTouch en Sud\u00e1frica<\/a><br \/>\nEugenie Chopin, Organizadora en Sud\u00e1frica<br \/>\n<a href=\"http:\/\/www.spiritdog.com\" target=\"_blank\" rel=\"noopener\">Cascade Animal Connections<\/a><br \/>\nKathy Cascade, Oregon<\/p>\n<h2>Adiestramiento Positivo<\/h2>\n<p><a href=\"http:\/\/www.tilleyfarm.org.uk\/AceIndex.php\">Animal Centred Education (ACE)<\/a><\/p>\n<p>Trabajo en libertad con Sarah Fisher<\/p>\n<p><a href=\"https:\/\/www.edogtorial.com\/\">Edogtorial<\/a><\/p>\n<p>Edogtorial organiza cursos presenciales y webinarios de formaci\u00f3n continua sobre muchos temas p.ej. comportamiento canino, salud y bienestar animal etc. con ponentes de renombre internacional. Algunos webinarios ses dictan en ingl\u00e9s con interpretaci\u00f3n consecutiva o simult\u00e1nea sesg\u00fan los casos. Muchos de los eventos son gratuitos y los dem\u00e1s se ofrecen a unos precios muy asequibles. Adem\u00e1s de los cursos y webinarios edogtorial edita libros traducidos al espa\u00f1ol de muchos autores destacados del mundo del entrenamiento en positivo.<\/p>\n<p><a href=\"http:\/\/www.doggieshome.es\">Doggies Home<\/a><\/p>\n<p>Guarder\u00eda diurna y nocturna, clases de psicolog\u00eda canina, paseos en bosques y playas, cursos<\/p>\n<p><a href=\"http:\/\/www.actionworksdogtraining.com\/\">Action Works Dog Training<\/a><br \/>\nAdiestramiento positivo para los perros y sus due\u00f1os en Andaluc\u00eda.<br \/>\n<a href=\"http:\/\/www.whole-dog-journal.com\" target=\"_blank\" rel=\"noopener\">The Whole Dog Journal<\/a><br \/>\nGu\u00eda del cuidado y adiestramiento natural del perro (en ingl\u00e9s)<br \/>\n<a href=\"http:\/\/www.clickertraining.com\" target=\"_blank\" rel=\"noopener\">Clicker Training<\/a><br \/>\nKaren Pryor: p\u00e1gina web sobre el adiestramiento con el clicker.<br \/>\n<a href=\"http:\/\/www.dogwise.com\" target=\"_blank\" rel=\"noopener\">Dogwise<\/a><br \/>\nLibros, v\u00eddeos, regalos, noticias y otras muchas cosas pare el perro (en ingl\u00e9s)<\/p>\n<p>&nbsp;<\/p>\n<h2>Salud y Bienestar Animal<\/h2>\n<p><a href=\"http:\/\/www.animalwellnessmagazine.com\" target=\"_blank\" rel=\"noopener\">Animal Wellness Magazine<\/a><br \/>\nRevista dedicada al cuidado natural y hol\u00edstico de los animales<br \/>\n<a href=\"http:\/\/www.britishhomeopathic.org\" target=\"_blank\" rel=\"noopener\">British Homeopathic Association<\/a><br \/>\nFomentando el acceso de lospacientes a la homeopat\u00eda<br \/>\n<a href=\"http:\/\/www.ingraham.co.uk\" target=\"_blank\" rel=\"noopener\">Aromatherapy for Animals<\/a><br \/>\nZoofarmaconocimiento con Caroline Ingraham<br \/>\n<a href=\"http:\/\/www.balancedbeing.com\/\" target=\"_blank\" rel=\"noopener\">Integrated Veterinary Centre<\/a><br \/>\nParte del Grupo Balanced Being<br \/>\n<a href=\"http:\/\/vetmedicine.about.com\/\" target=\"_blank\" rel=\"noopener\">About Veterinary Medicine<\/a><br \/>\nInformaci\u00f3n sobre la anatom\u00eda y psicolog\u00eda animal<br \/>\n<a href=\"http:\/\/www.catvets.com\" target=\"_blank\" rel=\"noopener\">American Association of Feline Practitioners<\/a><br \/>\nMejorar la salud y bienestar de los gatos<br \/>\n<a href=\"http:\/\/www.equineiridology.eu\/\" target=\"_blank\" rel=\"noopener\">Ellen Collinson<\/a><br \/>\nIrid\u00f3loga equina y herbalista<br \/>\n<a href=\"http:\/\/www.animalacupressure.com\/\" target=\"_blank\" rel=\"noopener\">Animal Acupressure<\/a><br \/>\nInstituto Tallgrass de Acupresi\u00f3n para los Animales<br \/>\n<a href=\"http:\/\/www.k9-massage.co.uk\/\" target=\"_blank\" rel=\"noopener\">K9 Massage<\/a><br \/>\nCentro de Masaje Canino<br \/>\n<a href=\"http:\/\/www.ace-canine.com\/\" target=\"_blank\" rel=\"noopener\">Ace Canine<\/a><br \/>\nSalud y Bienestar Canino<br \/>\n<a href=\"http:\/\/www.nativeremedies.com\/\" target=\"_blank\" rel=\"noopener\">Native Remedies<\/a><br \/>\nRemedios naturales para la ansiedad y otros problemas &#8230;<br \/>\n<a href=\"http:\/\/animal-communicator-inge.com\/\" target=\"_blank\" rel=\"noopener\">4animalmatters<\/a><br \/>\nComunicaci\u00f3n animal<\/p>\n<h2>Equipamiento y M\u00e1s<\/h2>\n<p><a href=\"http:\/\/www.caninelullabies.com\/\" target=\"_blank\" rel=\"noopener\">Canine Lullabies<\/a><br \/>\nTerapia Musical para Animales<br \/>\n<a href=\"http:\/\/www.xtradog.com\/\" target=\"_blank\" rel=\"noopener\">Xtradog<\/a><br \/>\nArneses TTouch y otro equipamiento<br \/>\n<a href=\"http:\/\/www.doorsteppaws.co.uk\/\" target=\"_blank\" rel=\"noopener\">Door Step Paws<\/a><br \/>\nSuministrador de Thundershirts en Europa<br \/>\n<a href=\"http:\/\/www.muddypaws.co.uk\/\" target=\"_blank\" rel=\"noopener\">Muddy Paws<\/a><br \/>\nToda clase de suministros para mascotas<br \/>\n<a href=\"http:\/\/www.mekuti.co.uk\" target=\"_blank\" rel=\"noopener\">Mekuti<\/a><br \/>\nSoluciones y equipamiento para TTouch y otros<br \/>\n<a href=\"http:\/\/www.northcoastpets.com\/cooling_vest.htm\" target=\"_blank\" rel=\"noopener\">Cool K9<\/a><br \/>\nChaqueta refrescante para perros &#8211; \u00a1ideal cuando hace mucho calor!<br \/>\n<a href=\"http:\/\/www.setterbakio.com\" target=\"_blank\" rel=\"noopener\">Setter Bakio<\/a><br \/>\nAccesorios y art\u00edculos para mascotas<br \/>\n<a href=\"http:\/\/www.pet-munchies.com\/\" target=\"_blank\" rel=\"noopener\">Pet Munchies<\/a><br \/>\nPremios de alta calidad para el adiestramiento<br \/>\n<a href=\"http:\/\/www.earthdog.com\" target=\"_blank\" rel=\"noopener\">Earth Dogs<\/a><br \/>\nProductos de calidad para perros (collares, correas, camas etc. de c\u00e1\u00f1amo)<\/p>\n<p><a href=\"http:\/\/www.raindogs.fi\">Raindogs<\/a><\/p>\n<p>Conectores y Asas TTouch, doggy jackets and other items<\/p>\n<h2>Viajar con su Mascota<\/h2>\n<p><a href=\"http:\/\/dogs.about.com\/od\/travel\/a\/travelwithdogs.htm\" target=\"_blank\" rel=\"noopener\">Travel with your Dog<\/a><br \/>\nInformaci\u00f3n muy valiosa: consultar antes de viajar<br \/>\n<a href=\"http:\/\/www.aceptanperros.com\" target=\"_blank\" rel=\"noopener\">Aceptanperros.com<\/a><br \/>\nConsejos para viajar con mascotas en Espa\u00f1a y en el extranjero<\/p>\n","protected":false},"excerpt":{"rendered":"<p>TTouch\u00ae &amp; TTEAM Linda Tellington-Jones Homepage Calendario de eventos, perfil de la fundadora Linda tellington-Jones, tienda on-line TTouch &amp; TEAM en Italia TTouch &amp; TEAM en Italia, con Anne Bigi-Schuster TTEAM &amp; TTouch en Canada Robyn Hood y la oficina de TTouch\/TTEAM office en Canad\u00e1 TTEAM &amp; TTouch en Alemania Bibi Degn, Directora de TTEAM  [&#8230;]<\/p>\n","protected":false},"author":1,"featured_media":0,"parent":0,"menu_order":24,"comment_status":"closed","ping_status":"closed","template":"","meta":{"footnotes":""},"class_list":["post-87","page","type-page","status-publish","hentry"],"_links":{"self":[{"href":"https:\/\/ttouch1.com\/es\/wp-json\/wp\/v2\/pages\/87","targetHints":{"allow":["GET"]}}],"collection":[{"href":"https:\/\/ttouch1.com\/es\/wp-json\/wp\/v2\/pages"}],"about":[{"href":"https:\/\/ttouch1.com\/es\/wp-json\/wp\/v2\/types\/page"}],"author":[{"embeddable":true,"href":"https:\/\/ttouch1.com\/es\/wp-json\/wp\/v2\/users\/1"}],"replies":[{"embeddable":true,"href":"https:\/\/ttouch1.com\/es\/wp-json\/wp\/v2\/comments?post=87"}],"version-history":[{"count":9,"href":"https:\/\/ttouch1.com\/es\/wp-json\/wp\/v2\/pages\/87\/revisions"}],"predecessor-version":[{"id":2605,"href":"https:\/\/ttouch1.com\/es\/wp-json\/wp\/v2\/pages\/87\/revisions\/2605"}],"wp:attachment":[{"href":"https:\/\/ttouch1.com\/es\/wp-json\/wp\/v2\/media?parent=87"}],"curies":[{"name":"wp","href":"https:\/\/api.w.org\/{rel}","templated":true}]}}